{"id":5,"date":"2023-06-29T08:29:23","date_gmt":"2023-06-29T08:29:23","guid":{"rendered":"https:\/\/ladezone.project.tuwien.ac.at\/?page_id=5"},"modified":"2023-08-22T11:26:54","modified_gmt":"2023-08-22T11:26:54","slug":"ladezone-2-0","status":"publish","type":"page","link":"https:\/\/ladezone.project.tuwien.ac.at\/","title":{"rendered":""},"content":{"rendered":"\n<p class=\"has-text-align-center\"><strong>Wir forschen an der Weiterentwicklung der Wiener Ladezone!<\/strong><\/p>\n\n\n<div class=\"wp-block-image is-style-default\">\n<figure class=\"aligncenter size-large is-resized\"><img loading=\"lazy\" decoding=\"async\" src=\"https:\/\/ladezone.project.tuwien.ac.at\/wp-content\/uploads\/2023\/07\/Ladezone2500px-1024x289.png\" alt=\"\" class=\"wp-image-16\" style=\"width:976px;height:275px\" width=\"976\" height=\"275\" srcset=\"https:\/\/ladezone.project.tuwien.ac.at\/wp-content\/uploads\/2023\/07\/Ladezone2500px-1024x289.png 1024w, https:\/\/ladezone.project.tuwien.ac.at\/wp-content\/uploads\/2023\/07\/Ladezone2500px-300x85.png 300w, https:\/\/ladezone.project.tuwien.ac.at\/wp-content\/uploads\/2023\/07\/Ladezone2500px-768x217.png 768w, https:\/\/ladezone.project.tuwien.ac.at\/wp-content\/uploads\/2023\/07\/Ladezone2500px-1536x434.png 1536w, https:\/\/ladezone.project.tuwien.ac.at\/wp-content\/uploads\/2023\/07\/Ladezone2500px-2048x578.png 2048w, https:\/\/ladezone.project.tuwien.ac.at\/wp-content\/uploads\/2023\/07\/Ladezone2500px-621x175.png 621w\" sizes=\"auto, (max-width: 976px) 100vw, 976px\" \/><\/figure>\n<\/div>\n\n\n<p><\/p>\n\n\n\n<br\/>\n\n\n\n<p><strong>Wo machen wir das?<\/strong><\/p>\n\n\n\n<p>An zwei Standorten im sechsten Bezirk in Wien:<\/p>\n\n\n\n<p>Standort Loquaiplatz \/ K\u00f6nigseggasse (<a rel=\"noreferrer noopener\" href=\"https:\/\/www.wien.gv.at\/stadtplan\/grafik.aspx?lang=de-AT&amp;bookmark=pKhTRg4lFUYHn7dD0QMfQ-a5Rphlnqnnkur2pH4Oprw-b-b&amp;bmadr=10068887\" target=\"_blank\">Stadtplan<\/a>)<br>Standort Windm\u00fchlgasse 28 (<a href=\"https:\/\/www.wien.gv.at\/stadtplan\/grafik.aspx?lang=de-AT&amp;bookmark=ivxRRuGqF0YHn7dE0QMfRO5Rphlnqnnkur2pH4Oprw-b-b&amp;bmadr=10069096\" target=\"_blank\" rel=\"noreferrer noopener\">Stadtplan<\/a>)<\/p>\n\n\n\n<br\/>\n\n\n\n<p><strong>Warum machen wir das?<\/strong><\/p>\n\n\n\n<p>Die Intensit\u00e4t der Nutzung von \u00f6ffentlichem Raum f\u00fcr den urbanen G\u00fcterverkehr hat in den letzten Jahren unter anderem aufgrund des wachsenden Online-Handels zugenommen. Ausgewiesene Ladezonen sollen dazu beitragen, Verkehrsprobleme zu l\u00f6sen und eine effiziente Versorgung sicherzustellen. Um die Organisation der Ladezonen zu optimieren, sind evidenzbasierte Entscheidungsgrundlagen notwendig. Hierbei m\u00fcssen die Bed\u00fcrfnisse von Lieferunternehmen und lokalen Kund:innen in Einklang mit strategischen Zielen der Stadtverwaltung sowie der tats\u00e4chlichen Nachfrage gebracht werden. Auch die Bed\u00fcrfnisse der Bewohner:innen m\u00fcssen ber\u00fccksichtigt werden. Eine gut organisierte Ladezoneninfrastruktur kann sowohl positive Auswirkungen auf die Stadtbev\u00f6lkerung haben \u2013 beispielsweise durch die Reorganisation des \u00f6ffentlichen Raums und der verbesserten Luftqualit\u00e4t durch Verkehrsreduktion \u2013 als auch f\u00fcr Betriebe und Logistikunternehmen Effizienzsteigerungen bringen.<\/p>\n\n\n\n<br\/>\n\n\n\n<p> <strong>Wer ist bei diesem Forschungsprojekt beteiligt?<\/strong><\/p>\n\n\n\n<table id=\"tablepress-1\" class=\"tablepress tablepress-id-1\">\n<tbody>\n<tr class=\"row-1\">\n\t<td class=\"column-1\"><img decoding=\"async\" src=\"https:\/\/ladezone.project.tuwien.ac.at\/wp-content\/uploads\/2023\/07\/MOVE_Logo_NEU_ohneText_blau2-300x92.png\" alt=\"\" width=\"250\"  class=\"alignnone size-medium wp-image-71\" srcset=\"https:\/\/ladezone.project.tuwien.ac.at\/wp-content\/uploads\/2023\/07\/MOVE_Logo_NEU_ohneText_blau2-300x92.png 300w, https:\/\/ladezone.project.tuwien.ac.at\/wp-content\/uploads\/2023\/07\/MOVE_Logo_NEU_ohneText_blau2-621x191.png 621w, https:\/\/ladezone.project.tuwien.ac.at\/wp-content\/uploads\/2023\/07\/MOVE_Logo_NEU_ohneText_blau2.png 700w\" sizes=\"(max-width: 300px) 100vw, 300px\" \/><\/td><td class=\"column-2\">TU Wien, Institut f\u00fcr Raumplanung, Forschungsbereich Verkehrssystemplanung MOVE<br \/>\n<br \/>\nProjektleitung<\/td>\n<\/tr>\n<tr class=\"row-2\">\n\t<td class=\"column-1\"><img decoding=\"async\" src=\"https:\/\/ladezone.project.tuwien.ac.at\/wp-content\/uploads\/2023\/07\/WKW_Logo_01-300x95.png\" alt=\"\" width=\"200\" class=\"alignnone size-medium wp-image-22\" srcset=\"https:\/\/ladezone.project.tuwien.ac.at\/wp-content\/uploads\/2023\/07\/WKW_Logo_01-300x95.png 300w, https:\/\/ladezone.project.tuwien.ac.at\/wp-content\/uploads\/2023\/07\/WKW_Logo_01-1024x323.png 1024w, https:\/\/ladezone.project.tuwien.ac.at\/wp-content\/uploads\/2023\/07\/WKW_Logo_01-768x243.png 768w, https:\/\/ladezone.project.tuwien.ac.at\/wp-content\/uploads\/2023\/07\/WKW_Logo_01-1536x485.png 1536w, https:\/\/ladezone.project.tuwien.ac.at\/wp-content\/uploads\/2023\/07\/WKW_Logo_01-621x196.png 621w, https:\/\/ladezone.project.tuwien.ac.at\/wp-content\/uploads\/2023\/07\/WKW_Logo_01.png 1688w\" sizes=\"(max-width: 300px) 100vw, 300px\" \/><\/td><td class=\"column-2\">Wirtschaftskammer Wien<\/td>\n<\/tr>\n<tr class=\"row-3\">\n\t<td class=\"column-1\"><img decoding=\"async\" src=\"https:\/\/ladezone.project.tuwien.ac.at\/wp-content\/uploads\/2023\/07\/Wien_logo-300x137.png\" alt=\"\" width=\"200\"  class=\"alignnone size-medium wp-image-48\" srcset=\"https:\/\/ladezone.project.tuwien.ac.at\/wp-content\/uploads\/2023\/07\/Wien_logo-300x137.png 300w, https:\/\/ladezone.project.tuwien.ac.at\/wp-content\/uploads\/2023\/07\/Wien_logo.png 512w\" sizes=\"(max-width: 300px) 100vw, 300px\" \/><\/td><td class=\"column-2\">Stadt Wien<\/td>\n<\/tr>\n<tr class=\"row-4\">\n\t<td class=\"column-1\"><img decoding=\"async\" src=\"https:\/\/ladezone.project.tuwien.ac.at\/wp-content\/uploads\/2023\/07\/Mariahilf-288x300.png\" alt=\"\" width=\"100\" class=\"alignnone size-medium wp-image-68\" srcset=\"https:\/\/ladezone.project.tuwien.ac.at\/wp-content\/uploads\/2023\/07\/Mariahilf-288x300.png 288w, https:\/\/ladezone.project.tuwien.ac.at\/wp-content\/uploads\/2023\/07\/Mariahilf.png 671w\" sizes=\"(max-width: 288px) 100vw, 288px\" \/><\/td><td class=\"column-2\">Bezirk Mariahilf (1060 Wien)<\/td>\n<\/tr>\n<tr class=\"row-5\">\n\t<td class=\"column-1\"><img decoding=\"async\" src=\"https:\/\/ladezone.project.tuwien.ac.at\/wp-content\/uploads\/2023\/07\/Prismasolutions_rgb_300dpi-244x300.png\" alt=\"\" width=\"100\" class=\"alignnone size-medium wp-image-69\" srcset=\"https:\/\/ladezone.project.tuwien.ac.at\/wp-content\/uploads\/2023\/07\/Prismasolutions_rgb_300dpi-244x300.png 244w, https:\/\/ladezone.project.tuwien.ac.at\/wp-content\/uploads\/2023\/07\/Prismasolutions_rgb_300dpi-832x1024.png 832w, https:\/\/ladezone.project.tuwien.ac.at\/wp-content\/uploads\/2023\/07\/Prismasolutions_rgb_300dpi-768x945.png 768w, https:\/\/ladezone.project.tuwien.ac.at\/wp-content\/uploads\/2023\/07\/Prismasolutions_rgb_300dpi.png 1069w\" sizes=\"(max-width: 244px) 100vw, 244px\" \/><\/td><td class=\"column-2\">Prisma Solutions<br \/>\n<br \/>\nBereitstellung der automatisierten Ladezonendetektion<\/td>\n<\/tr>\n<\/tbody>\n<\/table>\n<!-- #tablepress-1 from cache -->\n\n\n<p> <\/p>\n\n\n\n<br\/>\n\n\n\n<p><strong>Ich habe Fragen oder h\u00e4tte gerne weitere Informationen<\/strong><\/p>\n\n\n\n<p>Nehmen Sie gerne mit uns Kontakt auf!<\/p>\n\n\n\n<style id=\"wpforms-css-vars-82\">\n\t\t\t\t#wpforms-82 {\n\t\t\t\t\n\t\t\t}\n\t\t\t<\/style><div class=\"wpforms-container wpforms-container-full wpforms-render-modern\" id=\"wpforms-82\"><form id=\"wpforms-form-82\" class=\"wpforms-validate wpforms-form wpforms-ajax-form\" data-formid=\"82\" method=\"post\" enctype=\"multipart\/form-data\" action=\"\/index.php?rest_route=%2Fwp%2Fv2%2Fpages%2F5\" data-token=\"fcf54b10a5ba8b1163a4dfd0589398ff\" data-token-time=\"1776215222\"><noscript class=\"wpforms-error-noscript\">Bitte aktiviere JavaScript in deinem Browser, um dieses Formular fertigzustellen.<\/noscript><div id=\"wpforms-error-noscript\" style=\"display: none;\">Bitte aktiviere JavaScript in deinem Browser, um dieses Formular fertigzustellen.<\/div><div class=\"wpforms-field-container\"><div id=\"wpforms-82-field_1-container\" class=\"wpforms-field wpforms-field-email\" data-field-id=\"1\"><label class=\"wpforms-field-label\" for=\"wpforms-82-field_1\">E-Mail (falls Sie eine Antwort m\u00f6chten)<\/label><input type=\"email\" id=\"wpforms-82-field_1\" class=\"wpforms-field-medium\" name=\"wpforms[fields][1]\" spellcheck=\"false\" aria-errormessage=\"wpforms-82-field_1-error\" ><\/div><div id=\"wpforms-82-field_2-container\" class=\"wpforms-field wpforms-field-textarea\" data-field-id=\"2\"><label class=\"wpforms-field-label\" for=\"wpforms-82-field_2\">Kommentar, Nachricht oder Frage<\/label><textarea id=\"wpforms-82-field_2\" class=\"wpforms-field-medium\" name=\"wpforms[fields][2]\" aria-errormessage=\"wpforms-82-field_2-error\" ><\/textarea><\/div><\/div><!-- .wpforms-field-container --><div class=\"wpforms-recaptcha-container wpforms-is-recaptcha wpforms-is-recaptcha-type-v3\" ><input type=\"hidden\" name=\"wpforms[recaptcha]\" value=\"\"><\/div><div class=\"wpforms-submit-container\" ><input type=\"hidden\" name=\"wpforms[id]\" value=\"82\"><input type=\"hidden\" name=\"page_title\" value=\"\"><input type=\"hidden\" name=\"page_url\" value=\"https:\/\/ladezone.project.tuwien.ac.at\/index.php?rest_route=\/wp\/v2\/pages\/5\"><input type=\"hidden\" name=\"url_referer\" value=\"\"><button type=\"submit\" name=\"wpforms[submit]\" id=\"wpforms-submit-82\" class=\"wpforms-submit\" data-alt-text=\"Senden\u2026\" data-submit-text=\"Absenden\" aria-live=\"assertive\" value=\"wpforms-submit\">Absenden<\/button><img loading=\"lazy\" decoding=\"async\" src=\"https:\/\/ladezone.project.tuwien.ac.at\/wp-content\/plugins\/wpforms-lite\/assets\/images\/submit-spin.svg\" class=\"wpforms-submit-spinner\" style=\"display: none;\" width=\"26\" height=\"26\" alt=\"Wird geladen\"><\/div><\/form><\/div>  <!-- .wpforms-container -->\n","protected":false},"excerpt":{"rendered":"<p>Wir forschen an der Weiterentwicklung der Wiener Ladezone! Wo machen wir das? An zwei Standorten im sechsten Bezirk in Wien: Standort Loquaiplatz \/ K\u00f6nigseggasse (Stadtplan)Standort Windm\u00fchlgasse 28 (Stadtplan) Warum machen wir das? Die Intensit\u00e4t der Nutzung von \u00f6ffentlichem Raum f\u00fcr den urbanen G\u00fcterverkehr hat in den letzten Jahren unter anderem &hellip;<\/p>\n","protected":false},"author":1,"featured_media":0,"parent":0,"menu_order":0,"comment_status":"closed","ping_status":"closed","template":"","meta":{"footnotes":""},"class_list":["post-5","page","type-page","status-publish","hentry"],"_links":{"self":[{"href":"https:\/\/ladezone.project.tuwien.ac.at\/index.php?rest_route=\/wp\/v2\/pages\/5","targetHints":{"allow":["GET"]}}],"collection":[{"href":"https:\/\/ladezone.project.tuwien.ac.at\/index.php?rest_route=\/wp\/v2\/pages"}],"about":[{"href":"https:\/\/ladezone.project.tuwien.ac.at\/index.php?rest_route=\/wp\/v2\/types\/page"}],"author":[{"embeddable":true,"href":"https:\/\/ladezone.project.tuwien.ac.at\/index.php?rest_route=\/wp\/v2\/users\/1"}],"replies":[{"embeddable":true,"href":"https:\/\/ladezone.project.tuwien.ac.at\/index.php?rest_route=%2Fwp%2Fv2%2Fcomments&post=5"}],"version-history":[{"count":24,"href":"https:\/\/ladezone.project.tuwien.ac.at\/index.php?rest_route=\/wp\/v2\/pages\/5\/revisions"}],"predecessor-version":[{"id":108,"href":"https:\/\/ladezone.project.tuwien.ac.at\/index.php?rest_route=\/wp\/v2\/pages\/5\/revisions\/108"}],"wp:attachment":[{"href":"https:\/\/ladezone.project.tuwien.ac.at\/index.php?rest_route=%2Fwp%2Fv2%2Fmedia&parent=5"}],"curies":[{"name":"wp","href":"https:\/\/api.w.org\/{rel}","templated":true}]}}